{"id":44,"date":"2020-12-07T14:23:57","date_gmt":"2020-12-07T14:23:57","guid":{"rendered":"http:\/\/uberrider.de\/?page_id=44"},"modified":"2022-07-10T10:43:30","modified_gmt":"2022-07-10T09:43:30","slug":"meine-projekte","status":"publish","type":"page","link":"https:\/\/uberrider.de\/?page_id=44","title":{"rendered":"Projekte"},"content":{"rendered":"\n<p style=\"font-size:25px\"><strong><strong>2022:<\/strong><\/strong><\/p>\n\n\n\n<ul><li>Prix Jeunesse 2022 (Online Platform, Video Distribution, Drahtloses Netzwerk, SOC)<\/li><li>Girls Day f\u00fcr das Bayrische Sozialministerium (Projektierung, Technische Umsetzung, Rundfunkrechtliche Begleitung)<\/li><li>Planung eines Richtfunknetzes <\/li><li>&#8222;EFB-Tagung&#8220; f\u00fcr den Bayrischen Rundfunk (Technische Durchf\u00fchrung, Distribution, Website)<\/li><\/ul>\n\n\n\n<p style=\"font-size:25px\"><strong>2021:<\/strong><\/p>\n\n\n\n<ul><li>Erstellung einer Learning Plattform <\/li><li>Durchf\u00fchrung von (Gro\u00df) Veranstaltungen<\/li><li>Aufbau AS211069 und Uberrider CDN<\/li><\/ul>\n\n\n\n<p style=\"font-size:25px\"><strong>2020:<\/strong><\/p>\n\n\n\n<ul><li>Livestream des \u00d6komenischen Weihnachtsgottesdienst der Pfarrgemeinden Unterhaching (Beratung und technische Umsetzung)<br><\/li><li>Prix Jeunesse 2020 (Gesamte technische Umsetzung, technische Projektleitung<\/li><\/ul>\n\n\n\n<div class=\"wp-container-1 wp-block-group\"><div class=\"wp-block-group__inner-container\">\n<div class=\"wp-block-image\"><figure class=\"alignright size-large is-resized\"><img loading=\"lazy\" src=\"https:\/\/uberrider.de\/wp-content\/uploads\/2020\/12\/Nuernberg-2020-1024x536.jpg\" alt=\"\" class=\"wp-image-129\" width=\"240\" height=\"125\" srcset=\"https:\/\/uberrider.de\/wp-content\/uploads\/2020\/12\/Nuernberg-2020-1024x536.jpg 1024w, https:\/\/uberrider.de\/wp-content\/uploads\/2020\/12\/Nuernberg-2020-300x157.jpg 300w, https:\/\/uberrider.de\/wp-content\/uploads\/2020\/12\/Nuernberg-2020-768x402.jpg 768w, https:\/\/uberrider.de\/wp-content\/uploads\/2020\/12\/Nuernberg-2020.jpg 1080w\" sizes=\"(max-width: 240px) 100vw, 240px\" \/><\/figure><\/div>\n<\/div><\/div>\n\n\n\n<ul><li>&#8222;M\u00e4dchen und Jungen F\u00f6rdern&#8220; f\u00fcr das IZI (Technische Umsetzung f\u00fcr die Stadt N\u00fcrnberg, W\u00fcrzburg sowie das LRA Regensburg) Aufbau und Betreuung <br><br><\/li><li>Sonderaustellung zum 75-ten Jubil\u00e4um des Fremdspracheninstituts M\u00fcnchen<\/li><\/ul>\n\n\n\n<div class=\"wp-container-2 wp-block-group\"><div class=\"wp-block-group__inner-container\">\n<figure class=\"wp-block-image size-large is-resized\"><img loading=\"lazy\" src=\"https:\/\/uberrider.de\/wp-content\/uploads\/2020\/12\/FIM-2020-1024x1024.jpg\" alt=\"\" class=\"wp-image-133\" width=\"219\" height=\"219\" srcset=\"https:\/\/uberrider.de\/wp-content\/uploads\/2020\/12\/FIM-2020-1024x1024.jpg 1024w, https:\/\/uberrider.de\/wp-content\/uploads\/2020\/12\/FIM-2020-300x300.jpg 300w, https:\/\/uberrider.de\/wp-content\/uploads\/2020\/12\/FIM-2020-150x150.jpg 150w, https:\/\/uberrider.de\/wp-content\/uploads\/2020\/12\/FIM-2020-768x768.jpg 768w, https:\/\/uberrider.de\/wp-content\/uploads\/2020\/12\/FIM-2020.jpg 1080w\" sizes=\"(max-width: 219px) 100vw, 219px\" \/><\/figure>\n<\/div><\/div>\n\n\n\n<p style=\"font-size:25px\"><strong>2019<\/strong><\/p>\n\n\n\n<ul><li>Sicherheitskonzepte und Veranstaltungsplanung f\u00fcr die Landeshauptstadt M\u00fcnchen <\/li><\/ul>\n\n\n\n<p style=\"font-size:25px\"><strong>2018:<\/strong><\/p>\n\n\n\n<div class=\"wp-container-4 wp-block-group\"><div class=\"wp-block-group__inner-container\">\n<div class=\"wp-container-3 wp-block-group\"><div class=\"wp-block-group__inner-container\">\n<div class=\"wp-block-image\"><figure class=\"alignright size-large is-resized\"><img loading=\"lazy\" src=\"https:\/\/uberrider.de\/wp-content\/uploads\/2020\/12\/Majostics-2018.jpg\" alt=\"\" class=\"wp-image-138\" width=\"159\" height=\"159\" srcset=\"https:\/\/uberrider.de\/wp-content\/uploads\/2020\/12\/Majostics-2018.jpg 959w, https:\/\/uberrider.de\/wp-content\/uploads\/2020\/12\/Majostics-2018-300x300.jpg 300w, https:\/\/uberrider.de\/wp-content\/uploads\/2020\/12\/Majostics-2018-150x150.jpg 150w, https:\/\/uberrider.de\/wp-content\/uploads\/2020\/12\/Majostics-2018-768x768.jpg 768w\" sizes=\"(max-width: 159px) 100vw, 159px\" \/><\/figure><\/div>\n<\/div><\/div>\n<\/div><\/div>\n\n\n\n<ul><li>Majostics Auff\u00fchrung in der St. Maximilian Kirche (Sicherheit, Sicherheitskonzepte)<br><br><br><\/li><li>Rock&#8217;a&#8217;Varia (Funk Sicherheit)<br><\/li><li>Stustaculum (Gesamte Kommunikationstechnik)<br><\/li><li>Prix Jeunesse 2018 (Ass. Technische Leitung, Medientechnik und Produktionskoordination)<\/li><\/ul>\n","protected":false},"excerpt":{"rendered":"<p>2022: Prix Jeunesse 2022 (Online Platform, Video Distribution, Drahtloses Netzwerk, SOC) Girls Day f\u00fcr das Bayrische Sozialministerium (Projektierung, Technische Umsetzung, Rundfunkrechtliche Begleitung) Planung eines Richtfunknetzes &#8222;EFB-Tagung&#8220; f\u00fcr den Bayrischen Rundfunk (Technische Durchf\u00fchrung, Distribution, Website) 2021: Erstellung einer Learning Plattform Durchf\u00fchrung von (Gro\u00df) Veranstaltungen Aufbau AS211069 und Uberrider CDN 2020: Livestream des \u00d6komenischen Weihnachtsgottesdienst der Pfarrgemeinden [&hellip;]<\/p>\n","protected":false},"author":1,"featured_media":0,"parent":0,"menu_order":0,"comment_status":"closed","ping_status":"closed","template":"","meta":{"spay_email":""},"_links":{"self":[{"href":"https:\/\/uberrider.de\/index.php?rest_route=\/wp\/v2\/pages\/44"}],"collection":[{"href":"https:\/\/uberrider.de\/index.php?rest_route=\/wp\/v2\/pages"}],"about":[{"href":"https:\/\/uberrider.de\/index.php?rest_route=\/wp\/v2\/types\/page"}],"author":[{"embeddable":true,"href":"https:\/\/uberrider.de\/index.php?rest_route=\/wp\/v2\/users\/1"}],"replies":[{"embeddable":true,"href":"https:\/\/uberrider.de\/index.php?rest_route=%2Fwp%2Fv2%2Fcomments&post=44"}],"version-history":[{"count":35,"href":"https:\/\/uberrider.de\/index.php?rest_route=\/wp\/v2\/pages\/44\/revisions"}],"predecessor-version":[{"id":259,"href":"https:\/\/uberrider.de\/index.php?rest_route=\/wp\/v2\/pages\/44\/revisions\/259"}],"wp:attachment":[{"href":"https:\/\/uberrider.de\/index.php?rest_route=%2Fwp%2Fv2%2Fmedia&parent=44"}],"curies":[{"name":"wp","href":"https:\/\/api.w.org\/{rel}","templated":true}]}}