{"id":71,"date":"2020-12-23T13:24:50","date_gmt":"2020-12-23T13:24:50","guid":{"rendered":"http:\/\/uberrider.de\/?page_id=71"},"modified":"2021-05-04T18:25:20","modified_gmt":"2021-05-04T17:25:20","slug":"meine-philosophie","status":"publish","type":"page","link":"https:\/\/uberrider.de\/?page_id=71","title":{"rendered":"Unsere Philosophie"},"content":{"rendered":"\n<p>Die Welt der Kommunikation hat sich in den letzten Jahren sehr ver\u00e4ndert. Dabei ist die Vielfalt der Anwendungen stark gewachsen und es gibt kaum einen Lebensbereich ohne moderne Kommunikationsmitteln. Jeder nutzt das Internet, schaut Videos auf verschiedenen Plattformen oder \u00c4hnlichem. Was im privaten Umfeld einfach erscheint, ist bei gr\u00f6\u00dferene Veranstaltungen sehr komplex. <\/p>\n\n\n\n<div class=\"wp-block-image\"><figure class=\"alignright size-large is-resized\"><img loading=\"lazy\" src=\"https:\/\/uberrider.de\/wp-content\/uploads\/2020\/12\/Iris-und-Technik-1024x1024.jpg\" alt=\"\" class=\"wp-image-142\" width=\"259\" height=\"259\" srcset=\"https:\/\/uberrider.de\/wp-content\/uploads\/2020\/12\/Iris-und-Technik-1024x1024.jpg 1024w, https:\/\/uberrider.de\/wp-content\/uploads\/2020\/12\/Iris-und-Technik-300x300.jpg 300w, https:\/\/uberrider.de\/wp-content\/uploads\/2020\/12\/Iris-und-Technik-150x150.jpg 150w, https:\/\/uberrider.de\/wp-content\/uploads\/2020\/12\/Iris-und-Technik-768x768.jpg 768w, https:\/\/uberrider.de\/wp-content\/uploads\/2020\/12\/Iris-und-Technik.jpg 1080w\" sizes=\"(max-width: 259px) 100vw, 259px\" \/><\/figure><\/div>\n\n\n\n<figure class=\"wp-block-pullquote\"><blockquote><p>Geht nicht, gibt es nicht<\/p><cite>Nicolas Grebe<\/cite><\/blockquote><\/figure>\n\n\n\n<p>Unsere Erfahrungen erlauben mir auch sehr komplizierte Anforderungen umzusetzen. Dabei werden sowohl Standardkomponenten wie Router oder Kameras als auch kunden-spezifische Hard- und Software eingesetzt.  <\/p>\n","protected":false},"excerpt":{"rendered":"<p>Die Welt der Kommunikation hat sich in den letzten Jahren sehr ver\u00e4ndert. Dabei ist die Vielfalt der Anwendungen stark gewachsen und es gibt kaum einen Lebensbereich ohne moderne Kommunikationsmitteln. Jeder nutzt das Internet, schaut Videos auf verschiedenen Plattformen oder \u00c4hnlichem. Was im privaten Umfeld einfach erscheint, ist bei gr\u00f6\u00dferene Veranstaltungen sehr komplex. Geht nicht, gibt [&hellip;]<\/p>\n","protected":false},"author":2,"featured_media":0,"parent":0,"menu_order":0,"comment_status":"closed","ping_status":"closed","template":"","meta":{"spay_email":""},"_links":{"self":[{"href":"https:\/\/uberrider.de\/index.php?rest_route=\/wp\/v2\/pages\/71"}],"collection":[{"href":"https:\/\/uberrider.de\/index.php?rest_route=\/wp\/v2\/pages"}],"about":[{"href":"https:\/\/uberrider.de\/index.php?rest_route=\/wp\/v2\/types\/page"}],"author":[{"embeddable":true,"href":"https:\/\/uberrider.de\/index.php?rest_route=\/wp\/v2\/users\/2"}],"replies":[{"embeddable":true,"href":"https:\/\/uberrider.de\/index.php?rest_route=%2Fwp%2Fv2%2Fcomments&post=71"}],"version-history":[{"count":7,"href":"https:\/\/uberrider.de\/index.php?rest_route=\/wp\/v2\/pages\/71\/revisions"}],"predecessor-version":[{"id":200,"href":"https:\/\/uberrider.de\/index.php?rest_route=\/wp\/v2\/pages\/71\/revisions\/200"}],"wp:attachment":[{"href":"https:\/\/uberrider.de\/index.php?rest_route=%2Fwp%2Fv2%2Fmedia&parent=71"}],"curies":[{"name":"wp","href":"https:\/\/api.w.org\/{rel}","templated":true}]}}